{"id":72,"date":"2025-08-01T15:49:57","date_gmt":"2025-08-01T15:49:57","guid":{"rendered":"https:\/\/esmirlaconsorcio.com\/?page_id=72"},"modified":"2025-08-01T15:54:14","modified_gmt":"2025-08-01T15:54:14","slug":"servicios","status":"publish","type":"page","link":"https:\/\/esmirlaconsorcio.com\/?page_id=72","title":{"rendered":"Servicios"},"content":{"rendered":"\n<p>Venta de <strong>frenos, amortiguadores, radiadores, alternadores, bater\u00edas, filtros, buj\u00edas, faros, espejos, limpiaparabrisas<\/strong>, etc.<\/p>\n\n\n\n<p>Venta de <strong>llantas, rines, accesorios interiores y exteriores<\/strong> para veh\u00edculos.<\/p>\n\n\n\n<p>Comercializaci\u00f3n de <strong>componentes el\u00e9ctricos, electr\u00f3nicos y mec\u00e1nicos<\/strong> para autos, camionetas y camiones.<\/p>\n\n\n\n<p>Tiendas f\u00edsicas o en l\u00ednea que venden directamente al p\u00fablico (no al mayoreo).<\/p>\n\n\n\n<h2 class=\"wp-block-heading\">\ud83d\udce2 <\/h2>\n\n\n\n<ul class=\"wp-block-list\">\n<li>Venta en <strong>tienda f\u00edsica<\/strong> y\/o <strong>en l\u00ednea<\/strong> (Mercado Libre, Amazon, tu sitio web).<\/li>\n\n\n\n<li>Cat\u00e1logo digital actualizado.<\/li>\n\n\n\n<li>Promociones por temporada (bater\u00edas en invierno, limpiaparabrisas en temporada de lluvias, etc.).<\/li>\n\n\n\n<li>Alianzas con <strong>talleres mec\u00e1nicos<\/strong> o flotillas de empresas.<\/li>\n<\/ul>\n","protected":false},"excerpt":{"rendered":"<p>Venta de frenos, amortiguadores, radiadores, alternadores, bater\u00edas, filtros, buj\u00edas, faros, espejos, limpiaparabrisas, etc. Venta de llantas, rines, accesorios interiores y exteriores para veh\u00edculos. Comercializaci\u00f3n de componentes el\u00e9ctricos, electr\u00f3nicos y mec\u00e1nicos para autos, camionetas y camiones. Tiendas f\u00edsicas o en l\u00ednea que venden directamente al p\u00fablico (no al mayoreo). \ud83d\udce2<\/p>\n","protected":false},"author":1,"featured_media":0,"parent":0,"menu_order":0,"comment_status":"closed","ping_status":"closed","template":"","meta":{"footnotes":""},"class_list":["post-72","page","type-page","status-publish","hentry"],"_links":{"self":[{"href":"https:\/\/esmirlaconsorcio.com\/index.php?rest_route=\/wp\/v2\/pages\/72","targetHints":{"allow":["GET"]}}],"collection":[{"href":"https:\/\/esmirlaconsorcio.com\/index.php?rest_route=\/wp\/v2\/pages"}],"about":[{"href":"https:\/\/esmirlaconsorcio.com\/index.php?rest_route=\/wp\/v2\/types\/page"}],"author":[{"embeddable":true,"href":"https:\/\/esmirlaconsorcio.com\/index.php?rest_route=\/wp\/v2\/users\/1"}],"replies":[{"embeddable":true,"href":"https:\/\/esmirlaconsorcio.com\/index.php?rest_route=%2Fwp%2Fv2%2Fcomments&post=72"}],"version-history":[{"count":2,"href":"https:\/\/esmirlaconsorcio.com\/index.php?rest_route=\/wp\/v2\/pages\/72\/revisions"}],"predecessor-version":[{"id":75,"href":"https:\/\/esmirlaconsorcio.com\/index.php?rest_route=\/wp\/v2\/pages\/72\/revisions\/75"}],"wp:attachment":[{"href":"https:\/\/esmirlaconsorcio.com\/index.php?rest_route=%2Fwp%2Fv2%2Fmedia&parent=72"}],"curies":[{"name":"wp","href":"https:\/\/api.w.org\/{rel}","templated":true}]}}